{"id":889,"date":"2025-12-10T13:41:53","date_gmt":"2025-12-10T13:41:53","guid":{"rendered":"https:\/\/jardins-tellus.fr\/?page_id=889"},"modified":"2025-12-10T16:24:43","modified_gmt":"2025-12-10T16:24:43","slug":"jardin-vitrine","status":"publish","type":"page","link":"https:\/\/jardins-tellus.fr\/index.php\/jardin-vitrine\/","title":{"rendered":"Jardin vitrine"},"content":{"rendered":"\n<div class=\"wp-block-group alignfull has-global-padding is-layout-constrained wp-container-core-group-is-layout-3317f9b0 wp-block-group-is-layout-constrained\" style=\"padding-top:var(--wp--preset--spacing--10);padding-right:var(--wp--preset--spacing--50);padding-bottom:var(--wp--preset--spacing--10);padding-left:var(--wp--preset--spacing--50)\">\n<div class=\"wp-block-group has-global-padding is-layout-constrained wp-container-core-group-is-layout-650790e1 wp-block-group-is-layout-constrained\">\n<h1 class=\"wp-block-heading has-text-align-center\" style=\"font-size:clamp(1.039rem, 1.039rem + ((1vw - 0.2rem) * 0.935), 1.6rem);\">Un lieu rempli de po\u00e9sie, de beaut\u00e9 et de vivant &#8230;<\/h1>\n\n\n\n<div style=\"height:1.25rem\" aria-hidden=\"true\" class=\"wp-block-spacer\"><\/div>\n\n\n\n<p class=\"has-text-align-center\">Au c\u0153ur de la vall\u00e9e de l&rsquo;Iton, le jardin de Tellus originel concentre sur 2 ares tout le savoir-faire de l&rsquo;entreprise en lien permanent avec ses habitants et son paysage imm\u00e9diat et environnant.<\/p>\n\n\n\n<div style=\"height:28px\" aria-hidden=\"true\" class=\"wp-block-spacer\"><\/div>\n\n\n\n<div class=\"wp-block-buttons is-content-justification-center is-layout-flex wp-container-core-buttons-is-layout-a89b3969 wp-block-buttons-is-layout-flex\">\n<div class=\"wp-block-button is-style-fill\"><a class=\"wp-block-button__link wp-element-button\">Visite sur rendez-vous<br>(ouverture courant printemps 2026)<\/a><\/div>\n<\/div>\n<\/div>\n\n\n\n<div style=\"height:5px\" aria-hidden=\"true\" class=\"wp-block-spacer\"><\/div>\n\n\n\n<figure class=\"wp-block-image alignwide size-full is-style-default\"><img loading=\"lazy\" decoding=\"async\" width=\"2560\" height=\"1440\" src=\"https:\/\/jardins-tellus.fr\/wp-content\/uploads\/2025\/12\/PXL_20250418_140257924_compr-scaled.jpg\" alt=\"\" class=\"wp-image-890\" srcset=\"https:\/\/jardins-tellus.fr\/wp-content\/uploads\/2025\/12\/PXL_20250418_140257924_compr-scaled.jpg 2560w, https:\/\/jardins-tellus.fr\/wp-content\/uploads\/2025\/12\/PXL_20250418_140257924_compr-300x169.jpg 300w, https:\/\/jardins-tellus.fr\/wp-content\/uploads\/2025\/12\/PXL_20250418_140257924_compr-1024x576.jpg 1024w, https:\/\/jardins-tellus.fr\/wp-content\/uploads\/2025\/12\/PXL_20250418_140257924_compr-768x432.jpg 768w, https:\/\/jardins-tellus.fr\/wp-content\/uploads\/2025\/12\/PXL_20250418_140257924_compr-1536x864.jpg 1536w, https:\/\/jardins-tellus.fr\/wp-content\/uploads\/2025\/12\/PXL_20250418_140257924_compr-2048x1152.jpg 2048w\" sizes=\"auto, (max-width: 2560px) 100vw, 2560px\" \/><\/figure>\n<\/div>\n\n\n\n<div class=\"wp-block-group alignfull has-base-2-background-color has-background has-global-padding is-layout-constrained wp-container-core-group-is-layout-cd6163fc wp-block-group-is-layout-constrained\" style=\"margin-top:0;margin-bottom:0;padding-top:var(--wp--preset--spacing--10);padding-right:var(--wp--preset--spacing--50);padding-bottom:var(--wp--preset--spacing--10);padding-left:var(--wp--preset--spacing--50)\">\n<div class=\"wp-block-group is-vertical is-content-justification-center is-layout-flex wp-container-core-group-is-layout-52b864f0 wp-block-group-is-layout-flex\">\n<h2 class=\"wp-block-heading has-text-align-center is-style-default\" style=\"font-size:clamp(21.536px, 1.346rem + ((1vw - 3.2px) * 1.402), 35px);\">Une passion pour la conduite du vivant<\/h2>\n\n\n\n<div style=\"height:0px\" aria-hidden=\"true\" class=\"wp-block-spacer wp-container-content-4f2ccadb\"><\/div>\n\n\n\n<p class=\"has-text-align-center\">Visitez un jardin atypique, mature, renfermant un panel large d&rsquo;esp\u00e8ces v\u00e9g\u00e9tales, animales, ainsi que des am\u00e9nagements et des abris en tout genre.<\/p>\n<\/div>\n\n\n\n<div style=\"margin-top:0;margin-bottom:0;height:18px\" aria-hidden=\"true\" class=\"wp-block-spacer\"><\/div>\n\n\n\n<div class=\"wp-block-columns alignwide is-layout-flex wp-container-core-columns-is-layout-d0bbbce0 wp-block-columns-is-layout-flex\">\n<div class=\"wp-block-column is-layout-flow wp-container-core-column-is-layout-e3d1c41b wp-block-column-is-layout-flow\">\n<h3 class=\"wp-block-heading has-text-align-left is-style-asterisk has-body-font-family has-medium-font-size\" style=\"font-style:normal;font-weight:600\">Flore indig\u00e8ne<\/h3>\n\n\n\n<figure class=\"wp-block-image size-large\"><img loading=\"lazy\" decoding=\"async\" width=\"576\" height=\"1024\" src=\"https:\/\/jardins-tellus.fr\/wp-content\/uploads\/2025\/12\/Compress_20251210_143652_2574-576x1024.jpg\" alt=\"\" class=\"wp-image-891\" srcset=\"https:\/\/jardins-tellus.fr\/wp-content\/uploads\/2025\/12\/Compress_20251210_143652_2574-576x1024.jpg 576w, https:\/\/jardins-tellus.fr\/wp-content\/uploads\/2025\/12\/Compress_20251210_143652_2574-169x300.jpg 169w, https:\/\/jardins-tellus.fr\/wp-content\/uploads\/2025\/12\/Compress_20251210_143652_2574.jpg 756w\" sizes=\"auto, (max-width: 576px) 100vw, 576px\" \/><\/figure>\n<\/div>\n\n\n\n<div class=\"wp-block-column is-layout-flow wp-container-core-column-is-layout-e3d1c41b wp-block-column-is-layout-flow\">\n<h3 class=\"wp-block-heading has-text-align-left is-style-asterisk has-body-font-family has-medium-font-size\" style=\"font-style:normal;font-weight:600\">Faune indig\u00e8ne<\/h3>\n\n\n\n<figure class=\"wp-block-image size-large\"><img loading=\"lazy\" decoding=\"async\" width=\"576\" height=\"1024\" src=\"https:\/\/jardins-tellus.fr\/wp-content\/uploads\/2025\/12\/Compress_20251210_143650_0089-576x1024.jpg\" alt=\"\" class=\"wp-image-892\" srcset=\"https:\/\/jardins-tellus.fr\/wp-content\/uploads\/2025\/12\/Compress_20251210_143650_0089-576x1024.jpg 576w, https:\/\/jardins-tellus.fr\/wp-content\/uploads\/2025\/12\/Compress_20251210_143650_0089-169x300.jpg 169w, https:\/\/jardins-tellus.fr\/wp-content\/uploads\/2025\/12\/Compress_20251210_143650_0089.jpg 756w\" sizes=\"auto, (max-width: 576px) 100vw, 576px\" \/><\/figure>\n<\/div>\n\n\n\n<div class=\"wp-block-column is-layout-flow wp-container-core-column-is-layout-e3d1c41b wp-block-column-is-layout-flow\">\n<h3 class=\"wp-block-heading has-text-align-left is-style-asterisk has-body-font-family has-medium-font-size\" style=\"font-style:normal;font-weight:600\">Habitats<\/h3>\n\n\n\n<figure class=\"wp-block-image size-large\"><img loading=\"lazy\" decoding=\"async\" width=\"576\" height=\"1024\" src=\"https:\/\/jardins-tellus.fr\/wp-content\/uploads\/2025\/12\/Compress_20251210_143653_3344-576x1024.jpg\" alt=\"\" class=\"wp-image-906\" srcset=\"https:\/\/jardins-tellus.fr\/wp-content\/uploads\/2025\/12\/Compress_20251210_143653_3344-576x1024.jpg 576w, https:\/\/jardins-tellus.fr\/wp-content\/uploads\/2025\/12\/Compress_20251210_143653_3344-169x300.jpg 169w, https:\/\/jardins-tellus.fr\/wp-content\/uploads\/2025\/12\/Compress_20251210_143653_3344.jpg 756w\" sizes=\"auto, (max-width: 576px) 100vw, 576px\" \/><\/figure>\n<\/div>\n<\/div>\n\n\n\n<div style=\"height:var(--wp--preset--spacing--20)\" aria-hidden=\"true\" class=\"wp-block-spacer\"><\/div>\n\n\n\n<div class=\"wp-block-columns alignwide is-layout-flex wp-container-core-columns-is-layout-d0bbbce0 wp-block-columns-is-layout-flex\">\n<div class=\"wp-block-column is-layout-flow wp-container-core-column-is-layout-e3d1c41b wp-block-column-is-layout-flow\">\n<h3 class=\"wp-block-heading has-text-align-left is-style-asterisk has-body-font-family has-medium-font-size\" style=\"font-style:normal;font-weight:600\">Am\u00e9nagements<\/h3>\n\n\n\n<figure class=\"wp-block-image size-large\"><img loading=\"lazy\" decoding=\"async\" width=\"576\" height=\"1024\" src=\"https:\/\/jardins-tellus.fr\/wp-content\/uploads\/2025\/12\/Compress_20251210_143700_0294-576x1024.jpg\" alt=\"\" class=\"wp-image-902\" srcset=\"https:\/\/jardins-tellus.fr\/wp-content\/uploads\/2025\/12\/Compress_20251210_143700_0294-576x1024.jpg 576w, https:\/\/jardins-tellus.fr\/wp-content\/uploads\/2025\/12\/Compress_20251210_143700_0294-169x300.jpg 169w, https:\/\/jardins-tellus.fr\/wp-content\/uploads\/2025\/12\/Compress_20251210_143700_0294.jpg 756w\" sizes=\"auto, (max-width: 576px) 100vw, 576px\" \/><\/figure>\n<\/div>\n\n\n\n<div class=\"wp-block-column is-layout-flow wp-container-core-column-is-layout-e3d1c41b wp-block-column-is-layout-flow\">\n<h3 class=\"wp-block-heading has-text-align-left is-style-asterisk has-body-font-family has-medium-font-size\" style=\"font-style:normal;font-weight:600\">Art<\/h3>\n\n\n\n<figure class=\"wp-block-image size-large\"><img loading=\"lazy\" decoding=\"async\" width=\"576\" height=\"1024\" src=\"https:\/\/jardins-tellus.fr\/wp-content\/uploads\/2025\/12\/Compress_20251210_143659_9860-576x1024.jpg\" alt=\"\" class=\"wp-image-898\" srcset=\"https:\/\/jardins-tellus.fr\/wp-content\/uploads\/2025\/12\/Compress_20251210_143659_9860-576x1024.jpg 576w, https:\/\/jardins-tellus.fr\/wp-content\/uploads\/2025\/12\/Compress_20251210_143659_9860-169x300.jpg 169w, https:\/\/jardins-tellus.fr\/wp-content\/uploads\/2025\/12\/Compress_20251210_143659_9860.jpg 756w\" sizes=\"auto, (max-width: 576px) 100vw, 576px\" \/><\/figure>\n<\/div>\n\n\n\n<div class=\"wp-block-column is-layout-flow wp-container-core-column-is-layout-e3d1c41b wp-block-column-is-layout-flow\">\n<h3 class=\"wp-block-heading has-text-align-left is-style-asterisk has-body-font-family has-medium-font-size\" style=\"font-style:normal;font-weight:600\">Avifaune<\/h3>\n\n\n\n<figure class=\"wp-block-image size-large\"><img loading=\"lazy\" decoding=\"async\" width=\"576\" height=\"1024\" src=\"https:\/\/jardins-tellus.fr\/wp-content\/uploads\/2025\/12\/Compress_20251210_143652_2707-576x1024.jpg\" alt=\"\" class=\"wp-image-899\" srcset=\"https:\/\/jardins-tellus.fr\/wp-content\/uploads\/2025\/12\/Compress_20251210_143652_2707-576x1024.jpg 576w, https:\/\/jardins-tellus.fr\/wp-content\/uploads\/2025\/12\/Compress_20251210_143652_2707-169x300.jpg 169w, https:\/\/jardins-tellus.fr\/wp-content\/uploads\/2025\/12\/Compress_20251210_143652_2707.jpg 756w\" sizes=\"auto, (max-width: 576px) 100vw, 576px\" \/><\/figure>\n<\/div>\n<\/div>\n<\/div>\n\n\n\n<div class=\"wp-block-group alignfull has-global-padding is-layout-constrained wp-container-core-group-is-layout-b673cb31 wp-block-group-is-layout-constrained\" style=\"margin-top:0;margin-bottom:0;padding-top:var(--wp--preset--spacing--30);padding-right:var(--wp--preset--spacing--50);padding-bottom:var(--wp--preset--spacing--30);padding-left:var(--wp--preset--spacing--50)\">\n<div class=\"wp-block-group alignwide has-global-padding is-layout-constrained wp-container-core-group-is-layout-19e250f3 wp-block-group-is-layout-constrained\">\n<div class=\"wp-block-group is-vertical is-content-justification-center is-layout-flex wp-container-core-group-is-layout-6329a8f3 wp-block-group-is-layout-flex\">\n<h2 class=\"wp-block-heading has-text-align-center is-style-asterisk\">Pr\u00e9sentation du savoir-faire de l&rsquo;entreprise et de ses prestations<\/h2>\n\n\n\n<p class=\"has-text-align-center\">Conseils, discussion de projet, partage d&rsquo;exp\u00e9rience et de contact, d\u00e9bats et passions autour du vivant &#8230; pour le plaisir des sens et le bien \u00eatre de chaque visiteurs et habitants.<\/p>\n<\/div>\n\n\n\n<figure class=\"wp-block-image alignwide size-full is-style-default\" style=\"margin-top:var(--wp--preset--spacing--20);margin-right:0;margin-bottom:var(--wp--preset--spacing--20);margin-left:0\"><img loading=\"lazy\" decoding=\"async\" width=\"2560\" height=\"1440\" src=\"https:\/\/jardins-tellus.fr\/wp-content\/uploads\/2025\/12\/PXL_20230604_183628383_compr-scaled.jpg\" alt=\"\" class=\"wp-image-901\" srcset=\"https:\/\/jardins-tellus.fr\/wp-content\/uploads\/2025\/12\/PXL_20230604_183628383_compr-scaled.jpg 2560w, https:\/\/jardins-tellus.fr\/wp-content\/uploads\/2025\/12\/PXL_20230604_183628383_compr-300x169.jpg 300w, https:\/\/jardins-tellus.fr\/wp-content\/uploads\/2025\/12\/PXL_20230604_183628383_compr-1024x576.jpg 1024w, https:\/\/jardins-tellus.fr\/wp-content\/uploads\/2025\/12\/PXL_20230604_183628383_compr-768x432.jpg 768w, https:\/\/jardins-tellus.fr\/wp-content\/uploads\/2025\/12\/PXL_20230604_183628383_compr-1536x864.jpg 1536w, https:\/\/jardins-tellus.fr\/wp-content\/uploads\/2025\/12\/PXL_20230604_183628383_compr-2048x1152.jpg 2048w\" sizes=\"auto, (max-width: 2560px) 100vw, 2560px\" \/><\/figure>\n\n\n\n<div class=\"wp-block-columns alignwide is-layout-flex wp-container-core-columns-is-layout-d0bbbce0 wp-block-columns-is-layout-flex\">\n<div class=\"wp-block-column is-layout-flow wp-container-core-column-is-layout-e3d1c41b wp-block-column-is-layout-flow\">\n<figure class=\"wp-block-image size-large\"><img loading=\"lazy\" decoding=\"async\" width=\"576\" height=\"1024\" src=\"https:\/\/jardins-tellus.fr\/wp-content\/uploads\/2025\/12\/Compress_20251210_143658_8989-576x1024.jpg\" alt=\"\" class=\"wp-image-903\" srcset=\"https:\/\/jardins-tellus.fr\/wp-content\/uploads\/2025\/12\/Compress_20251210_143658_8989-576x1024.jpg 576w, https:\/\/jardins-tellus.fr\/wp-content\/uploads\/2025\/12\/Compress_20251210_143658_8989-169x300.jpg 169w, https:\/\/jardins-tellus.fr\/wp-content\/uploads\/2025\/12\/Compress_20251210_143658_8989.jpg 756w\" sizes=\"auto, (max-width: 576px) 100vw, 576px\" \/><\/figure>\n<\/div>\n\n\n\n<div class=\"wp-block-column is-layout-flow wp-container-core-column-is-layout-e3d1c41b wp-block-column-is-layout-flow\">\n<figure class=\"wp-block-image size-large\"><img loading=\"lazy\" decoding=\"async\" width=\"576\" height=\"1024\" src=\"https:\/\/jardins-tellus.fr\/wp-content\/uploads\/2025\/12\/Compress_20251210_143656_6750-576x1024.jpg\" alt=\"\" class=\"wp-image-904\" srcset=\"https:\/\/jardins-tellus.fr\/wp-content\/uploads\/2025\/12\/Compress_20251210_143656_6750-576x1024.jpg 576w, https:\/\/jardins-tellus.fr\/wp-content\/uploads\/2025\/12\/Compress_20251210_143656_6750-169x300.jpg 169w, https:\/\/jardins-tellus.fr\/wp-content\/uploads\/2025\/12\/Compress_20251210_143656_6750.jpg 756w\" sizes=\"auto, (max-width: 576px) 100vw, 576px\" \/><\/figure>\n<\/div>\n\n\n\n<div class=\"wp-block-column is-layout-flow wp-container-core-column-is-layout-e3d1c41b wp-block-column-is-layout-flow\">\n<figure class=\"wp-block-image size-large\" style=\"margin-right:0;margin-left:0\"><img loading=\"lazy\" decoding=\"async\" width=\"576\" height=\"1024\" src=\"https:\/\/jardins-tellus.fr\/wp-content\/uploads\/2025\/12\/Compress_20251210_143655_5615-576x1024.jpg\" alt=\"\" class=\"wp-image-905\" srcset=\"https:\/\/jardins-tellus.fr\/wp-content\/uploads\/2025\/12\/Compress_20251210_143655_5615-576x1024.jpg 576w, https:\/\/jardins-tellus.fr\/wp-content\/uploads\/2025\/12\/Compress_20251210_143655_5615-169x300.jpg 169w, https:\/\/jardins-tellus.fr\/wp-content\/uploads\/2025\/12\/Compress_20251210_143655_5615.jpg 756w\" sizes=\"auto, (max-width: 576px) 100vw, 576px\" \/><\/figure>\n<\/div>\n<\/div>\n<\/div>\n<\/div>\n\n\n\n<div class=\"wp-block-group alignfull has-global-padding is-layout-constrained wp-container-core-group-is-layout-cb151cc7 wp-block-group-is-layout-constrained\" style=\"margin-top:0;margin-bottom:0;padding-top:0;padding-right:var(--wp--preset--spacing--50);padding-bottom:0;padding-left:var(--wp--preset--spacing--50)\">\n<figure class=\"wp-block-image alignwide size-full is-style-default\" style=\"margin-top:var(--wp--preset--spacing--20);margin-bottom:var(--wp--preset--spacing--20)\"><img loading=\"lazy\" decoding=\"async\" width=\"2560\" height=\"1440\" src=\"https:\/\/jardins-tellus.fr\/wp-content\/uploads\/2025\/12\/PXL_20221017_165943870_compr-scaled.jpg\" alt=\"\" class=\"wp-image-907\" srcset=\"https:\/\/jardins-tellus.fr\/wp-content\/uploads\/2025\/12\/PXL_20221017_165943870_compr-scaled.jpg 2560w, https:\/\/jardins-tellus.fr\/wp-content\/uploads\/2025\/12\/PXL_20221017_165943870_compr-300x169.jpg 300w, https:\/\/jardins-tellus.fr\/wp-content\/uploads\/2025\/12\/PXL_20221017_165943870_compr-1024x576.jpg 1024w, https:\/\/jardins-tellus.fr\/wp-content\/uploads\/2025\/12\/PXL_20221017_165943870_compr-768x432.jpg 768w, https:\/\/jardins-tellus.fr\/wp-content\/uploads\/2025\/12\/PXL_20221017_165943870_compr-1536x864.jpg 1536w, https:\/\/jardins-tellus.fr\/wp-content\/uploads\/2025\/12\/PXL_20221017_165943870_compr-2048x1152.jpg 2048w\" sizes=\"auto, (max-width: 2560px) 100vw, 2560px\" \/><\/figure>\n\n\n\n<div class=\"wp-block-columns alignwide is-layout-flex wp-container-core-columns-is-layout-d0bbbce0 wp-block-columns-is-layout-flex\">\n<div class=\"wp-block-column is-layout-flow wp-container-core-column-is-layout-e3d1c41b wp-block-column-is-layout-flow\">\n<figure class=\"wp-block-image size-large\"><img loading=\"lazy\" decoding=\"async\" width=\"576\" height=\"1024\" src=\"https:\/\/jardins-tellus.fr\/wp-content\/uploads\/2025\/12\/Compress_20251210_143647_7365-576x1024.jpg\" alt=\"\" class=\"wp-image-908\" srcset=\"https:\/\/jardins-tellus.fr\/wp-content\/uploads\/2025\/12\/Compress_20251210_143647_7365-576x1024.jpg 576w, https:\/\/jardins-tellus.fr\/wp-content\/uploads\/2025\/12\/Compress_20251210_143647_7365-169x300.jpg 169w, https:\/\/jardins-tellus.fr\/wp-content\/uploads\/2025\/12\/Compress_20251210_143647_7365.jpg 756w\" sizes=\"auto, (max-width: 576px) 100vw, 576px\" \/><\/figure>\n<\/div>\n\n\n\n<div class=\"wp-block-column is-layout-flow wp-container-core-column-is-layout-e3d1c41b wp-block-column-is-layout-flow\">\n<figure class=\"wp-block-image size-large\"><img loading=\"lazy\" decoding=\"async\" width=\"576\" height=\"1024\" src=\"https:\/\/jardins-tellus.fr\/wp-content\/uploads\/2025\/12\/Compress_20251210_143658_8352-576x1024.jpg\" alt=\"\" class=\"wp-image-909\" srcset=\"https:\/\/jardins-tellus.fr\/wp-content\/uploads\/2025\/12\/Compress_20251210_143658_8352-576x1024.jpg 576w, https:\/\/jardins-tellus.fr\/wp-content\/uploads\/2025\/12\/Compress_20251210_143658_8352-169x300.jpg 169w, https:\/\/jardins-tellus.fr\/wp-content\/uploads\/2025\/12\/Compress_20251210_143658_8352.jpg 756w\" sizes=\"auto, (max-width: 576px) 100vw, 576px\" \/><\/figure>\n<\/div>\n\n\n\n<div class=\"wp-block-column is-layout-flow wp-container-core-column-is-layout-e3d1c41b wp-block-column-is-layout-flow\">\n<figure class=\"wp-block-image size-large\"><img loading=\"lazy\" decoding=\"async\" width=\"576\" height=\"1024\" src=\"https:\/\/jardins-tellus.fr\/wp-content\/uploads\/2025\/12\/Compress_20251210_143658_8866-576x1024.jpg\" alt=\"\" class=\"wp-image-910\" srcset=\"https:\/\/jardins-tellus.fr\/wp-content\/uploads\/2025\/12\/Compress_20251210_143658_8866-576x1024.jpg 576w, https:\/\/jardins-tellus.fr\/wp-content\/uploads\/2025\/12\/Compress_20251210_143658_8866-169x300.jpg 169w, https:\/\/jardins-tellus.fr\/wp-content\/uploads\/2025\/12\/Compress_20251210_143658_8866.jpg 756w\" sizes=\"auto, (max-width: 576px) 100vw, 576px\" \/><\/figure>\n<\/div>\n<\/div>\n\n\n\n<div class=\"wp-block-group alignwide has-base-2-background-color has-background has-global-padding is-layout-constrained wp-container-core-group-is-layout-ae002d71 wp-block-group-is-layout-constrained\" style=\"border-radius:16px;padding-top:0;padding-right:var(--wp--preset--spacing--50);padding-bottom:0;padding-left:var(--wp--preset--spacing--50)\">\n<div style=\"height:var(--wp--preset--spacing--10)\" aria-hidden=\"true\" class=\"wp-block-spacer\"><\/div>\n\n\n\n<h2 class=\"wp-block-heading has-text-align-center has-x-large-font-size\">Au plaisir de vous rencontrer !<\/h2>\n\n\n\n<p class=\"has-text-align-center\">En attendant, n&rsquo;h\u00e9sitez pas \u00e0 me contacter et\/ou \u00e0 parcourir le reste du site et les r\u00e9seaux sociaux de l&rsquo;entreprise &#8230;<\/p>\n<\/div>\n<\/div>\n\n\n\n<div class=\"wp-block-group alignfull has-global-padding is-layout-constrained wp-container-core-group-is-layout-cb151cc7 wp-block-group-is-layout-constrained\" style=\"margin-top:0;margin-bottom:0;padding-top:0;padding-right:var(--wp--preset--spacing--50);padding-bottom:0;padding-left:var(--wp--preset--spacing--50)\">\n<figure class=\"wp-block-image alignwide size-full is-style-default\" style=\"margin-top:var(--wp--preset--spacing--20);margin-bottom:var(--wp--preset--spacing--20)\"><img loading=\"lazy\" decoding=\"async\" width=\"2560\" height=\"1440\" src=\"https:\/\/jardins-tellus.fr\/wp-content\/uploads\/2024\/09\/PXL_20240906_080804260-scaled.jpg\" alt=\"\" class=\"wp-image-625\" srcset=\"https:\/\/jardins-tellus.fr\/wp-content\/uploads\/2024\/09\/PXL_20240906_080804260-scaled.jpg 2560w, https:\/\/jardins-tellus.fr\/wp-content\/uploads\/2024\/09\/PXL_20240906_080804260-300x169.jpg 300w, https:\/\/jardins-tellus.fr\/wp-content\/uploads\/2024\/09\/PXL_20240906_080804260-1024x576.jpg 1024w, https:\/\/jardins-tellus.fr\/wp-content\/uploads\/2024\/09\/PXL_20240906_080804260-768x432.jpg 768w, https:\/\/jardins-tellus.fr\/wp-content\/uploads\/2024\/09\/PXL_20240906_080804260-1536x864.jpg 1536w, https:\/\/jardins-tellus.fr\/wp-content\/uploads\/2024\/09\/PXL_20240906_080804260-2048x1152.jpg 2048w\" sizes=\"auto, (max-width: 2560px) 100vw, 2560px\" \/><\/figure>\n\n\n\n<div class=\"wp-block-columns alignwide is-layout-flex wp-container-core-columns-is-layout-d0bbbce0 wp-block-columns-is-layout-flex\">\n<div class=\"wp-block-column is-layout-flow wp-container-core-column-is-layout-e3d1c41b wp-block-column-is-layout-flow\">\n<figure class=\"wp-block-image size-large\"><img loading=\"lazy\" decoding=\"async\" width=\"576\" height=\"1024\" src=\"https:\/\/jardins-tellus.fr\/wp-content\/uploads\/2025\/12\/Compress_20251210_143655_5297-576x1024.jpg\" alt=\"\" class=\"wp-image-911\" srcset=\"https:\/\/jardins-tellus.fr\/wp-content\/uploads\/2025\/12\/Compress_20251210_143655_5297-576x1024.jpg 576w, https:\/\/jardins-tellus.fr\/wp-content\/uploads\/2025\/12\/Compress_20251210_143655_5297-169x300.jpg 169w, https:\/\/jardins-tellus.fr\/wp-content\/uploads\/2025\/12\/Compress_20251210_143655_5297.jpg 756w\" sizes=\"auto, (max-width: 576px) 100vw, 576px\" \/><\/figure>\n<\/div>\n\n\n\n<div class=\"wp-block-column is-layout-flow wp-container-core-column-is-layout-e3d1c41b wp-block-column-is-layout-flow\">\n<figure class=\"wp-block-image size-large\"><img loading=\"lazy\" decoding=\"async\" width=\"576\" height=\"1024\" src=\"https:\/\/jardins-tellus.fr\/wp-content\/uploads\/2025\/12\/Compress_20251210_143656_6597-576x1024.jpg\" alt=\"\" class=\"wp-image-912\" srcset=\"https:\/\/jardins-tellus.fr\/wp-content\/uploads\/2025\/12\/Compress_20251210_143656_6597-576x1024.jpg 576w, https:\/\/jardins-tellus.fr\/wp-content\/uploads\/2025\/12\/Compress_20251210_143656_6597-169x300.jpg 169w, https:\/\/jardins-tellus.fr\/wp-content\/uploads\/2025\/12\/Compress_20251210_143656_6597.jpg 756w\" sizes=\"auto, (max-width: 576px) 100vw, 576px\" \/><\/figure>\n<\/div>\n\n\n\n<div class=\"wp-block-column is-layout-flow wp-container-core-column-is-layout-e3d1c41b wp-block-column-is-layout-flow\">\n<figure class=\"wp-block-image size-large\"><img loading=\"lazy\" decoding=\"async\" width=\"576\" height=\"1024\" src=\"https:\/\/jardins-tellus.fr\/wp-content\/uploads\/2025\/12\/Compress_20251210_143656_6009-576x1024.jpg\" alt=\"\" class=\"wp-image-913\" srcset=\"https:\/\/jardins-tellus.fr\/wp-content\/uploads\/2025\/12\/Compress_20251210_143656_6009-576x1024.jpg 576w, https:\/\/jardins-tellus.fr\/wp-content\/uploads\/2025\/12\/Compress_20251210_143656_6009-169x300.jpg 169w, https:\/\/jardins-tellus.fr\/wp-content\/uploads\/2025\/12\/Compress_20251210_143656_6009.jpg 756w\" sizes=\"auto, (max-width: 576px) 100vw, 576px\" \/><\/figure>\n<\/div>\n<\/div>\n<\/div>\n","protected":false},"excerpt":{"rendered":"<p>Un lieu rempli de po\u00e9sie, de beaut\u00e9 et de vivant &#8230; Au c\u0153ur de la vall\u00e9e de l&rsquo;Iton, le jardin de Tellus originel concentre sur 2 ares tout le savoir-faire de l&rsquo;entreprise en lien permanent avec ses habitants et son paysage imm\u00e9diat et environnant. Une passion pour la conduite du vivant Visitez un jardin atypique, [&hellip;]<\/p>\n","protected":false},"author":1,"featured_media":0,"parent":0,"menu_order":0,"comment_status":"closed","ping_status":"closed","template":"","meta":{"footnotes":""},"class_list":["post-889","page","type-page","status-publish","hentry"],"_links":{"self":[{"href":"https:\/\/jardins-tellus.fr\/index.php\/wp-json\/wp\/v2\/pages\/889","targetHints":{"allow":["GET"]}}],"collection":[{"href":"https:\/\/jardins-tellus.fr\/index.php\/wp-json\/wp\/v2\/pages"}],"about":[{"href":"https:\/\/jardins-tellus.fr\/index.php\/wp-json\/wp\/v2\/types\/page"}],"author":[{"embeddable":true,"href":"https:\/\/jardins-tellus.fr\/index.php\/wp-json\/wp\/v2\/users\/1"}],"replies":[{"embeddable":true,"href":"https:\/\/jardins-tellus.fr\/index.php\/wp-json\/wp\/v2\/comments?post=889"}],"version-history":[{"count":14,"href":"https:\/\/jardins-tellus.fr\/index.php\/wp-json\/wp\/v2\/pages\/889\/revisions"}],"predecessor-version":[{"id":927,"href":"https:\/\/jardins-tellus.fr\/index.php\/wp-json\/wp\/v2\/pages\/889\/revisions\/927"}],"wp:attachment":[{"href":"https:\/\/jardins-tellus.fr\/index.php\/wp-json\/wp\/v2\/media?parent=889"}],"curies":[{"name":"wp","href":"https:\/\/api.w.org\/{rel}","templated":true}]}}