{"id":124,"date":"2024-07-16T18:52:10","date_gmt":"2024-07-16T18:52:10","guid":{"rendered":"https:\/\/jardins-tellus.fr\/?page_id=124"},"modified":"2024-10-11T08:46:51","modified_gmt":"2024-10-11T08:46:51","slug":"accueil-2","status":"publish","type":"page","link":"https:\/\/jardins-tellus.fr\/","title":{"rendered":"Accueil"},"content":{"rendered":"\n<div class=\"wp-block-group has-global-padding is-layout-constrained wp-block-group-is-layout-constrained\">\n<figure class=\"wp-block-image alignright size-full is-resized\"><img loading=\"lazy\" decoding=\"async\" width=\"1650\" height=\"1020\" src=\"https:\/\/jardins-tellus.fr\/wp-content\/uploads\/2024\/09\/Image-51_colo.jpg\" alt=\"\" class=\"wp-image-647\" style=\"width:341px;height:auto\" srcset=\"https:\/\/jardins-tellus.fr\/wp-content\/uploads\/2024\/09\/Image-51_colo.jpg 1650w, https:\/\/jardins-tellus.fr\/wp-content\/uploads\/2024\/09\/Image-51_colo-300x185.jpg 300w, https:\/\/jardins-tellus.fr\/wp-content\/uploads\/2024\/09\/Image-51_colo-1024x633.jpg 1024w, https:\/\/jardins-tellus.fr\/wp-content\/uploads\/2024\/09\/Image-51_colo-768x475.jpg 768w, https:\/\/jardins-tellus.fr\/wp-content\/uploads\/2024\/09\/Image-51_colo-1536x950.jpg 1536w\" sizes=\"auto, (max-width: 1650px) 100vw, 1650px\" \/><\/figure>\n\n\n\n<h2 class=\"wp-block-heading\"><em>Pr\u00e9sentation<\/em><\/h2>\n\n\n\n<p class=\"has-heading-font-family\">\u00ab\u00a0Jardins Tellus\u00a0\u00bb est une entreprise individuelle officiellement cr\u00e9\u00e9e le 1<sup>er<\/sup> juillet 2024. Elle est n\u00e9e de ma volont\u00e9 personnelle d\u2019intervenir dans le paysage en mariant la sensibilit\u00e9 esth\u00e9tique \u00e0 la pr\u00e9servation du vivant.<\/p>\n\n\n\n<p class=\"has-heading-font-family\">Les jardins se veulent naturels, inspirants et immersifs. Ils peuvent \u00eatre, par endroit, structur\u00e9s et tr\u00e8s formels mais restent, en tout lieux, caract\u00e9ristiques, sinueux et jouant de la dynamique des saisons.<\/p>\n\n\n\n<div style=\"height:16px\" aria-hidden=\"true\" class=\"wp-block-spacer\"><\/div>\n\n\n\n<hr class=\"wp-block-separator has-alpha-channel-opacity\"\/>\n\n\n\n<figure class=\"wp-block-image alignleft size-full is-resized\"><img loading=\"lazy\" decoding=\"async\" width=\"1731\" height=\"2038\" src=\"https:\/\/jardins-tellus.fr\/wp-content\/uploads\/2024\/09\/Image-45_colo.jpg\" alt=\"\" class=\"wp-image-643\" style=\"width:268px;height:auto\" srcset=\"https:\/\/jardins-tellus.fr\/wp-content\/uploads\/2024\/09\/Image-45_colo.jpg 1731w, https:\/\/jardins-tellus.fr\/wp-content\/uploads\/2024\/09\/Image-45_colo-255x300.jpg 255w, https:\/\/jardins-tellus.fr\/wp-content\/uploads\/2024\/09\/Image-45_colo-870x1024.jpg 870w, https:\/\/jardins-tellus.fr\/wp-content\/uploads\/2024\/09\/Image-45_colo-768x904.jpg 768w, https:\/\/jardins-tellus.fr\/wp-content\/uploads\/2024\/09\/Image-45_colo-1305x1536.jpg 1305w\" sizes=\"auto, (max-width: 1731px) 100vw, 1731px\" \/><\/figure>\n\n\n\n<h2 class=\"wp-block-heading\"><em>Principe<\/em><\/h2>\n\n\n\n<p class=\"has-heading-font-family\">De la conception \u00e0 l&rsquo;entretien, de nombreux points peuvent \u00eatre abord\u00e9s afin d&rsquo;encourager ce mariage : l&rsquo;habitude de vie, l&rsquo;utilisation du jardin, ses points de vue, le choix des v\u00e9g\u00e9taux, la fr\u00e9quence et le type de taille des haies et arbustes, la hauteur et le p\u00e9rim\u00e8tre de la tonte, etc. <\/p>\n\n\n\n<p class=\"has-heading-font-family\">Ces principes vont au-del\u00e0 de la simple \u00ab\u00a0gestion diff\u00e9renci\u00e9e\u00a0\u00bb mais s&rsquo;attardent \u00e0 comprendre le souhait du propri\u00e9taire, le lieu, son contexte, son usage (qu&rsquo;il soit du fait des Hommes, de la faune ou de la flore).<\/p>\n\n\n\n<p class=\"has-heading-font-family\">Le site, consid\u00e9r\u00e9 de mani\u00e8re personnalis\u00e9e, re\u00e7oit une gestion efficiente de ses espaces, plus \u00e9conomique. Il se d\u00e9marque, gagne en caract\u00e8re tout en restant plaisant et accueillant.<\/p>\n\n\n\n<div style=\"height:16px\" aria-hidden=\"true\" class=\"wp-block-spacer\"><\/div>\n\n\n\n<hr class=\"wp-block-separator aligncenter has-alpha-channel-opacity\"\/>\n\n\n\n<figure class=\"wp-block-image alignright size-full is-resized\"><img loading=\"lazy\" decoding=\"async\" width=\"2560\" height=\"1992\" src=\"https:\/\/jardins-tellus.fr\/wp-content\/uploads\/2024\/10\/Immersif-home-v3-scaled.jpg\" alt=\"\" class=\"wp-image-773\" style=\"width:406px;height:auto\" srcset=\"https:\/\/jardins-tellus.fr\/wp-content\/uploads\/2024\/10\/Immersif-home-v3-scaled.jpg 2560w, https:\/\/jardins-tellus.fr\/wp-content\/uploads\/2024\/10\/Immersif-home-v3-300x233.jpg 300w, https:\/\/jardins-tellus.fr\/wp-content\/uploads\/2024\/10\/Immersif-home-v3-1024x797.jpg 1024w, https:\/\/jardins-tellus.fr\/wp-content\/uploads\/2024\/10\/Immersif-home-v3-768x598.jpg 768w, https:\/\/jardins-tellus.fr\/wp-content\/uploads\/2024\/10\/Immersif-home-v3-1536x1195.jpg 1536w, https:\/\/jardins-tellus.fr\/wp-content\/uploads\/2024\/10\/Immersif-home-v3-2048x1594.jpg 2048w\" sizes=\"auto, (max-width: 2560px) 100vw, 2560px\" \/><\/figure>\n\n\n\n<h2 class=\"wp-block-heading\"><em>Actualit\u00e9<\/em><\/h2>\n\n\n\n<p class=\"has-heading-font-family\">N&rsquo;h\u00e9sitez pas \u00e0 consulter mon r\u00e9seau <a href=\"https:\/\/www.instagram.com\/jardins.tellus\/\" data-type=\"link\" data-id=\"https:\/\/www.instagram.com\/jardins.tellus\/\">Instagram<\/a> ou <a href=\"http:\/\/www.linkedin.com\/in\/alexandre-besson-1a3b89164\" data-type=\"link\" data-id=\"http:\/\/www.linkedin.com\/in\/alexandre-besson-1a3b89164\">LinkedIn<\/a> pour \u00eatre au plus pr\u00e8s des nouveaut\u00e9s et d\u00e9couvertes sur le monde vivant et l&rsquo;art des jardins.<\/p>\n\n\n\n<p class=\"has-heading-font-family\">Bonne visite et au plaisir de vous accompagner dans vos projets, qu&rsquo;ils soient le souhait d&rsquo;une cr\u00e9ation nouvelle, de l&rsquo;envie de conduire son jardin diff\u00e9remment ou simplement d&rsquo;un besoin d&rsquo;entretien plus classique.<\/p>\n<\/div>\n\n\n\n<div style=\"height:4px\" aria-hidden=\"true\" class=\"wp-block-spacer\"><\/div>\n","protected":false},"excerpt":{"rendered":"<p>Pr\u00e9sentation \u00ab\u00a0Jardins Tellus\u00a0\u00bb est une entreprise individuelle officiellement cr\u00e9\u00e9e le 1er juillet 2024. Elle est n\u00e9e de ma volont\u00e9 personnelle d\u2019intervenir dans le paysage en mariant la sensibilit\u00e9 esth\u00e9tique \u00e0 la pr\u00e9servation du vivant. Les jardins se veulent naturels, inspirants et immersifs. Ils peuvent \u00eatre, par endroit, structur\u00e9s et tr\u00e8s formels mais restent, en tout [&hellip;]<\/p>\n","protected":false},"author":1,"featured_media":0,"parent":0,"menu_order":0,"comment_status":"closed","ping_status":"closed","template":"","meta":{"footnotes":""},"class_list":["post-124","page","type-page","status-publish","hentry"],"_links":{"self":[{"href":"https:\/\/jardins-tellus.fr\/index.php\/wp-json\/wp\/v2\/pages\/124","targetHints":{"allow":["GET"]}}],"collection":[{"href":"https:\/\/jardins-tellus.fr\/index.php\/wp-json\/wp\/v2\/pages"}],"about":[{"href":"https:\/\/jardins-tellus.fr\/index.php\/wp-json\/wp\/v2\/types\/page"}],"author":[{"embeddable":true,"href":"https:\/\/jardins-tellus.fr\/index.php\/wp-json\/wp\/v2\/users\/1"}],"replies":[{"embeddable":true,"href":"https:\/\/jardins-tellus.fr\/index.php\/wp-json\/wp\/v2\/comments?post=124"}],"version-history":[{"count":80,"href":"https:\/\/jardins-tellus.fr\/index.php\/wp-json\/wp\/v2\/pages\/124\/revisions"}],"predecessor-version":[{"id":774,"href":"https:\/\/jardins-tellus.fr\/index.php\/wp-json\/wp\/v2\/pages\/124\/revisions\/774"}],"wp:attachment":[{"href":"https:\/\/jardins-tellus.fr\/index.php\/wp-json\/wp\/v2\/media?parent=124"}],"curies":[{"name":"wp","href":"https:\/\/api.w.org\/{rel}","templated":true}]}}