{"id":101,"date":"2024-07-14T19:38:28","date_gmt":"2024-07-14T19:38:28","guid":{"rendered":"https:\/\/jardins-tellus.fr\/?page_id=101"},"modified":"2026-03-26T08:24:35","modified_gmt":"2026-03-26T08:24:35","slug":"prestations","status":"publish","type":"page","link":"https:\/\/jardins-tellus.fr\/index.php\/prestations\/","title":{"rendered":"Prestations"},"content":{"rendered":"\n<div class=\"wp-block-group has-global-padding is-layout-constrained wp-block-group-is-layout-constrained\">\n<div class=\"wp-block-group is-nowrap is-layout-flex wp-container-core-group-is-layout-6c531013 wp-block-group-is-layout-flex\">\n<figure class=\"wp-block-image alignleft size-large is-resized\"><img loading=\"lazy\" decoding=\"async\" width=\"1024\" height=\"745\" src=\"https:\/\/jardins-tellus.fr\/wp-content\/uploads\/2024\/07\/Plan_circulation-1024x745.jpg\" alt=\"\" class=\"wp-image-158\" style=\"width:150px\" srcset=\"https:\/\/jardins-tellus.fr\/wp-content\/uploads\/2024\/07\/Plan_circulation-1024x745.jpg 1024w, https:\/\/jardins-tellus.fr\/wp-content\/uploads\/2024\/07\/Plan_circulation-300x218.jpg 300w, https:\/\/jardins-tellus.fr\/wp-content\/uploads\/2024\/07\/Plan_circulation-768x558.jpg 768w, https:\/\/jardins-tellus.fr\/wp-content\/uploads\/2024\/07\/Plan_circulation-1536x1117.jpg 1536w, https:\/\/jardins-tellus.fr\/wp-content\/uploads\/2024\/07\/Plan_circulation-2048x1489.jpg 2048w\" sizes=\"auto, (max-width: 1024px) 100vw, 1024px\" \/><\/figure>\n\n\n\n<h2 class=\"wp-block-heading\">Analyse &amp; Conseil<\/h2>\n<\/div>\n\n\n\n<ul class=\"wp-block-list\">\n<li class=\"has-heading-font-family\">Lecture du site et de ses milieux<\/li>\n\n\n\n<li class=\"has-heading-font-family\">Compr\u00e9hension des attentes du client, mise en perspective, \u2026<\/li>\n\n\n\n<li class=\"has-heading-font-family\">Visite conseil<\/li>\n\n\n\n<li class=\"has-heading-font-family\">Points d\u2019am\u00e9lioration : lisibilit\u00e9, expositions, score \u00e9cologique, \u2026<\/li>\n\n\n\n<li class=\"has-heading-font-family\">M\u00e9thodes et plans de gestion, \u2026  <\/li>\n<\/ul>\n\n\n\n<div style=\"height:20px;width:0px\" aria-hidden=\"true\" class=\"wp-block-spacer\"><\/div>\n\n\n\n<hr class=\"wp-block-separator has-alpha-channel-opacity\"\/>\n\n\n\n<div style=\"height:20px;width:0px\" aria-hidden=\"true\" class=\"wp-block-spacer\"><\/div>\n\n\n\n<div class=\"wp-block-group is-nowrap is-layout-flex wp-container-core-group-is-layout-6c531013 wp-block-group-is-layout-flex\">\n<figure class=\"wp-block-image alignleft size-full is-resized\"><img loading=\"lazy\" decoding=\"async\" width=\"555\" height=\"407\" src=\"https:\/\/jardins-tellus.fr\/wp-content\/uploads\/2024\/07\/Exemple_de_coupe.jpg\" alt=\"\" class=\"wp-image-163\" style=\"width:150px\" srcset=\"https:\/\/jardins-tellus.fr\/wp-content\/uploads\/2024\/07\/Exemple_de_coupe.jpg 555w, https:\/\/jardins-tellus.fr\/wp-content\/uploads\/2024\/07\/Exemple_de_coupe-300x220.jpg 300w\" sizes=\"auto, (max-width: 555px) 100vw, 555px\" \/><\/figure>\n\n\n\n<h2 class=\"wp-block-heading\">Conception<\/h2>\n<\/div>\n\n\n\n<ul class=\"wp-block-list\">\n<li class=\"has-heading-font-family\">Entrevue, esquisses et propositions de conception<\/li>\n\n\n\n<li class=\"has-heading-font-family\">R\u00e9alisation de visuels, plans et coupes<\/li>\n\n\n\n<li class=\"has-heading-font-family\">S\u00e9lection soign\u00e9e des v\u00e9g\u00e9taux dans le respect de leurs exigences<\/li>\n\n\n\n<li class=\"has-heading-font-family\">Plan de plantation et palettes v\u00e9g\u00e9tales avec une attention port\u00e9e au caract\u00e8re indig\u00e8ne ou exotique<\/li>\n\n\n\n<li class=\"has-heading-font-family\">Accompagnement dans la r\u00e9alisation du gros \u0153uvre : descriptifs des travaux, documents d\u2019urbanisme, conduite de chantier, \u2026<\/li>\n<\/ul>\n\n\n\n<div style=\"height:20px;width:0px\" aria-hidden=\"true\" class=\"wp-block-spacer\"><\/div>\n\n\n\n<hr class=\"wp-block-separator has-alpha-channel-opacity\"\/>\n\n\n\n<div style=\"height:20px;width:0px\" aria-hidden=\"true\" class=\"wp-block-spacer\"><\/div>\n\n\n\n<div class=\"wp-block-group is-nowrap is-layout-flex wp-container-core-group-is-layout-6c531013 wp-block-group-is-layout-flex\">\n<figure class=\"wp-block-image alignleft size-full is-resized\"><img loading=\"lazy\" decoding=\"async\" width=\"2465\" height=\"1972\" src=\"https:\/\/jardins-tellus.fr\/wp-content\/uploads\/2024\/07\/Exemple_creation.jpg\" alt=\"\" class=\"wp-image-179\" style=\"width:150px\" srcset=\"https:\/\/jardins-tellus.fr\/wp-content\/uploads\/2024\/07\/Exemple_creation.jpg 2465w, https:\/\/jardins-tellus.fr\/wp-content\/uploads\/2024\/07\/Exemple_creation-300x240.jpg 300w, https:\/\/jardins-tellus.fr\/wp-content\/uploads\/2024\/07\/Exemple_creation-1024x819.jpg 1024w, https:\/\/jardins-tellus.fr\/wp-content\/uploads\/2024\/07\/Exemple_creation-768x614.jpg 768w, https:\/\/jardins-tellus.fr\/wp-content\/uploads\/2024\/07\/Exemple_creation-1536x1229.jpg 1536w, https:\/\/jardins-tellus.fr\/wp-content\/uploads\/2024\/07\/Exemple_creation-2048x1638.jpg 2048w\" sizes=\"auto, (max-width: 2465px) 100vw, 2465px\" \/><\/figure>\n\n\n\n<h2 class=\"wp-block-heading\">Cr\u00e9ation<\/h2>\n<\/div>\n\n\n\n<ul class=\"wp-block-list\">\n<li class=\"has-heading-font-family\">Plantations d\u2019arbres et arbustes<\/li>\n\n\n\n<li class=\"has-heading-font-family\">R\u00e9alisation de massifs de vivaces<\/li>\n\n\n\n<li class=\"has-heading-font-family\">Art de la trogne, fascinage et autres pratiques paysannes<\/li>\n\n\n\n<li class=\"has-heading-font-family\">Abris pour la faune et l&rsquo;entomofaune<\/li>\n\n\n\n<li class=\"has-heading-font-family\">Structures bois pour grimpantes, cl\u00f4tures champ\u00eatres<\/li>\n\n\n\n<li class=\"has-heading-font-family\">Restauration de jardins m\u00fbrs ou abandonn\u00e9s<\/li>\n<\/ul>\n\n\n\n<div style=\"height:20px;width:0px\" aria-hidden=\"true\" class=\"wp-block-spacer\"><\/div>\n\n\n\n<hr class=\"wp-block-separator has-alpha-channel-opacity\"\/>\n\n\n\n<div style=\"height:20px;width:0px\" aria-hidden=\"true\" class=\"wp-block-spacer\"><\/div>\n\n\n\n<div class=\"wp-block-group is-nowrap is-layout-flex wp-container-core-group-is-layout-6c531013 wp-block-group-is-layout-flex\">\n<figure class=\"wp-block-image alignleft size-full is-resized\"><img loading=\"lazy\" decoding=\"async\" width=\"604\" height=\"483\" src=\"https:\/\/jardins-tellus.fr\/wp-content\/uploads\/2024\/08\/Exemple_entretien_6-edited.jpg\" alt=\"\" class=\"wp-image-431\" style=\"width:150px\" srcset=\"https:\/\/jardins-tellus.fr\/wp-content\/uploads\/2024\/08\/Exemple_entretien_6-edited.jpg 604w, https:\/\/jardins-tellus.fr\/wp-content\/uploads\/2024\/08\/Exemple_entretien_6-edited-300x240.jpg 300w\" sizes=\"auto, (max-width: 604px) 100vw, 604px\" \/><\/figure>\n\n\n\n<h2 class=\"wp-block-heading\">Entretien<\/h2>\n<\/div>\n\n\n\n<ul class=\"wp-block-list\">\n<li class=\"has-heading-font-family\">Gestion diff\u00e9renci\u00e9e et extensive<\/li>\n\n\n\n<li class=\"has-heading-font-family\">Gestion ing\u00e9nieuse des r\u00e9sidus sur site<\/li>\n\n\n\n<li class=\"has-heading-font-family\">Tonte, fauchage, d\u00e9broussaillage<\/li>\n\n\n\n<li class=\"has-heading-font-family\">Taille des haies et arbustes<\/li>\n<\/ul>\n\n\n\n<div style=\"height:20px;width:0px\" aria-hidden=\"true\" class=\"wp-block-spacer\"><\/div>\n<\/div>\n\n\n\n<p><\/p>\n","protected":false},"excerpt":{"rendered":"<p>Analyse &amp; Conseil Conception Cr\u00e9ation Entretien<\/p>\n","protected":false},"author":1,"featured_media":0,"parent":0,"menu_order":0,"comment_status":"closed","ping_status":"closed","template":"","meta":{"footnotes":""},"class_list":["post-101","page","type-page","status-publish","hentry"],"_links":{"self":[{"href":"https:\/\/jardins-tellus.fr\/index.php\/wp-json\/wp\/v2\/pages\/101","targetHints":{"allow":["GET"]}}],"collection":[{"href":"https:\/\/jardins-tellus.fr\/index.php\/wp-json\/wp\/v2\/pages"}],"about":[{"href":"https:\/\/jardins-tellus.fr\/index.php\/wp-json\/wp\/v2\/types\/page"}],"author":[{"embeddable":true,"href":"https:\/\/jardins-tellus.fr\/index.php\/wp-json\/wp\/v2\/users\/1"}],"replies":[{"embeddable":true,"href":"https:\/\/jardins-tellus.fr\/index.php\/wp-json\/wp\/v2\/comments?post=101"}],"version-history":[{"count":40,"href":"https:\/\/jardins-tellus.fr\/index.php\/wp-json\/wp\/v2\/pages\/101\/revisions"}],"predecessor-version":[{"id":1172,"href":"https:\/\/jardins-tellus.fr\/index.php\/wp-json\/wp\/v2\/pages\/101\/revisions\/1172"}],"wp:attachment":[{"href":"https:\/\/jardins-tellus.fr\/index.php\/wp-json\/wp\/v2\/media?parent=101"}],"curies":[{"name":"wp","href":"https:\/\/api.w.org\/{rel}","templated":true}]}}